{"id":868,"date":"2025-05-05T22:10:48","date_gmt":"2025-05-05T20:10:48","guid":{"rendered":"https:\/\/humansoverborders.com\/?page_id=868"},"modified":"2025-05-15T20:05:00","modified_gmt":"2025-05-15T18:05:00","slug":"prise-de-contact-hob","status":"publish","type":"page","link":"https:\/\/humansoverborders.com\/index.php\/prise-de-contact-hob\/","title":{"rendered":"Prise de contact HOB"},"content":{"rendered":"<div class=\"wpforms-container wpforms-container-full wpforms-block wpforms-block-2c857821-53d6-4b9c-befe-8aa3da2b372f wpforms-render-modern\" id=\"wpforms-862\"><form id=\"wpforms-form-862\" class=\"wpforms-validate wpforms-form wpforms-ajax-form\" data-formid=\"862\" method=\"post\" enctype=\"multipart\/form-data\" action=\"\/index.php\/wp-json\/wp\/v2\/pages\/868\" data-token=\"423b9339aaea8ede818ba599ca186960\" data-token-time=\"1776342150\"><noscript class=\"wpforms-error-noscript\">Veuillez activer JavaScript dans votre navigateur pour remplir ce formulaire.<\/noscript><div class=\"wpforms-hidden\" id=\"wpforms-error-noscript\">Veuillez activer JavaScript dans votre navigateur pour remplir ce formulaire.<\/div><div class=\"wpforms-field-container\"><div id=\"wpforms-862-field_2-container\" class=\"wpforms-field wpforms-field-name\" data-field-id=\"2\"><fieldset><legend class=\"wpforms-field-label\">Nom <span class=\"wpforms-required-label\" aria-hidden=\"true\">*<\/span><\/legend><div class=\"wpforms-field-row wpforms-field-medium\"><div class=\"wpforms-field-row-block wpforms-first wpforms-one-half\"><input type=\"text\" id=\"wpforms-862-field_2\" class=\"wpforms-field-name-first wpforms-field-required\" name=\"wpforms[fields][2][first]\" aria-errormessage=\"wpforms-862-field_2-error\" required><label for=\"wpforms-862-field_2\" class=\"wpforms-field-sublabel after\">Pr\u00e9nom<\/label><\/div><div class=\"wpforms-field-row-block wpforms-one-half\"><input type=\"text\" id=\"wpforms-862-field_2-last\" class=\"wpforms-field-name-last wpforms-field-required\" name=\"wpforms[fields][2][last]\" aria-errormessage=\"wpforms-862-field_2-last-error\" required><label for=\"wpforms-862-field_2-last\" class=\"wpforms-field-sublabel after\">Nom<\/label><\/div><\/div><\/fieldset><\/div><div id=\"wpforms-862-field_5-container\" class=\"wpforms-field wpforms-field-email\" data-field-id=\"5\"><label class=\"wpforms-field-label\" for=\"wpforms-862-field_5\">E-mail <span class=\"wpforms-required-label\" aria-hidden=\"true\">*<\/span><\/label><input type=\"email\" id=\"wpforms-862-field_5\" class=\"wpforms-field-medium wpforms-field-required\" name=\"wpforms[fields][5]\" spellcheck=\"false\" aria-errormessage=\"wpforms-862-field_5-error\" required><\/div><div id=\"wpforms-862-field_6-container\" class=\"wpforms-field wpforms-field-checkbox\" data-field-id=\"6\"><fieldset><legend class=\"wpforms-field-label\">Moyen de contact pr\u00e9f\u00e9r\u00e9 <span class=\"wpforms-required-label\" aria-hidden=\"true\">*<\/span><\/legend><ul id=\"wpforms-862-field_6\" class=\"wpforms-field-required\"><li class=\"choice-1 depth-1\"><input type=\"checkbox\" id=\"wpforms-862-field_6_1\" name=\"wpforms[fields][6][]\" value=\"SMS\" aria-errormessage=\"wpforms-862-field_6_1-error\" required ><label class=\"wpforms-field-label-inline\" for=\"wpforms-862-field_6_1\">SMS<\/label><\/li><li class=\"choice-2 depth-1\"><input type=\"checkbox\" id=\"wpforms-862-field_6_2\" name=\"wpforms[fields][6][]\" value=\"email\" aria-errormessage=\"wpforms-862-field_6_2-error\" required ><label class=\"wpforms-field-label-inline\" for=\"wpforms-862-field_6_2\">email<\/label><\/li><\/ul><\/fieldset><\/div><div id=\"wpforms-862-field_7-container\" class=\"wpforms-field wpforms-field-text\" data-field-id=\"7\"><label class=\"wpforms-field-label\" for=\"wpforms-862-field_7\">Autre<\/label><input type=\"text\" id=\"wpforms-862-field_7\" class=\"wpforms-field-medium\" name=\"wpforms[fields][7]\" aria-errormessage=\"wpforms-862-field_7-error\" ><\/div><div id=\"wpforms-862-field_8-container\" class=\"wpforms-field wpforms-field-checkbox\" data-field-id=\"8\"><fieldset><legend class=\"wpforms-field-label\">\u270a Interress\u00e9.e par HOB ? Coche ce qui te parle.<\/legend><ul id=\"wpforms-862-field_8\"><li class=\"choice-1 depth-1\"><input type=\"checkbox\" id=\"wpforms-862-field_8_1\" name=\"wpforms[fields][8][]\" value=\"\u00catre tenu\u00b7e au courant des actus et \u00e9v\u00e9nements d\u2019HOB\" aria-errormessage=\"wpforms-862-field_8_1-error\"  ><label class=\"wpforms-field-label-inline\" for=\"wpforms-862-field_8_1\">\u00catre tenu\u00b7e au courant des actus et \u00e9v\u00e9nements d\u2019HOB<\/label><\/li><li class=\"choice-2 depth-1\"><input type=\"checkbox\" id=\"wpforms-862-field_8_2\" name=\"wpforms[fields][8][]\" value=\"Rejoindre notre \u00e9quipe \/ nous pr\u00eater main forte\" aria-errormessage=\"wpforms-862-field_8_2-error\"  ><label class=\"wpforms-field-label-inline\" for=\"wpforms-862-field_8_2\">Rejoindre notre \u00e9quipe \/ nous pr\u00eater main forte<\/label><\/li><li class=\"choice-3 depth-1\"><input type=\"checkbox\" id=\"wpforms-862-field_8_3\" name=\"wpforms[fields][8][]\" value=\"T\u00e9moigner partager mon histoire\" aria-errormessage=\"wpforms-862-field_8_3-error\"  ><label class=\"wpforms-field-label-inline\" for=\"wpforms-862-field_8_3\">T\u00e9moigner partager mon histoire<\/label><\/li><li class=\"choice-4 depth-1\"><input type=\"checkbox\" id=\"wpforms-862-field_8_4\" name=\"wpforms[fields][8][]\" value=\"Soutenir HOB (m\u00e9c\u00e9nat, dons, relai)\" aria-errormessage=\"wpforms-862-field_8_4-error\"  ><label class=\"wpforms-field-label-inline\" for=\"wpforms-862-field_8_4\">Soutenir HOB (m\u00e9c\u00e9nat, dons, relai)<\/label><\/li><li class=\"choice-5 depth-1\"><input type=\"checkbox\" id=\"wpforms-862-field_8_5\" name=\"wpforms[fields][8][]\" value=\"Proposer une collaboration (*artiste*, association, m\u00e9dia, marque, etc.)\" aria-errormessage=\"wpforms-862-field_8_5-error\"  ><label class=\"wpforms-field-label-inline\" for=\"wpforms-862-field_8_5\">Proposer une collaboration (*artiste*, association, m\u00e9dia, marque, etc.)<\/label><\/li><\/ul><\/fieldset><\/div><div id=\"wpforms-862-field_9-container\" class=\"wpforms-field wpforms-field-textarea\" data-field-id=\"9\"><label class=\"wpforms-field-label\" for=\"wpforms-862-field_9\">Un petit message pour nous ?<\/label><textarea id=\"wpforms-862-field_9\" class=\"wpforms-field-medium\" name=\"wpforms[fields][9]\" aria-errormessage=\"wpforms-862-field_9-error\" aria-describedby=\"wpforms-862-field_9-description\" ><\/textarea><div id=\"wpforms-862-field_9-description\" class=\"wpforms-field-description\">Une id\u00e9e ? Une histoire ? Une chanson ? Une cause qui te touche ?<\/div><\/div><\/div><!-- .wpforms-field-container --><div class=\"wpforms-submit-container\" ><input type=\"hidden\" name=\"wpforms[id]\" value=\"862\"><input type=\"hidden\" name=\"page_title\" value=\"\"><input type=\"hidden\" name=\"page_url\" value=\"https:\/\/humansoverborders.com\/index.php\/wp-json\/wp\/v2\/pages\/868\"><input type=\"hidden\" name=\"url_referer\" value=\"\"><button type=\"submit\" name=\"wpforms[submit]\" id=\"wpforms-submit-862\" class=\"wpforms-submit\" data-alt-text=\"Envoi...\" data-submit-text=\"Envoyer\" aria-live=\"assertive\" value=\"wpforms-submit\">Envoyer<\/button><img loading=\"lazy\" decoding=\"async\" src=\"https:\/\/humansoverborders.com\/wp-content\/plugins\/wpforms-lite\/assets\/images\/submit-spin.svg\" class=\"wpforms-submit-spinner\" style=\"display: none;\" width=\"26\" height=\"26\" alt=\"Chargement en cours\"><\/div><\/form><\/div>  <!-- .wpforms-container -->","protected":false},"excerpt":{"rendered":"","protected":false},"author":1,"featured_media":0,"parent":0,"menu_order":0,"comment_status":"closed","ping_status":"closed","template":"","meta":{"_monsterinsights_skip_tracking":false,"_monsterinsights_sitenote_active":false,"_monsterinsights_sitenote_note":"","_monsterinsights_sitenote_category":0,"footnotes":""},"class_list":["post-868","page","type-page","status-publish","hentry"],"aioseo_notices":[],"yoast_head":"<!-- This site is optimized with the Yoast SEO plugin v25.0 - https:\/\/yoast.com\/wordpress\/plugins\/seo\/ -->\n<title>Prise de contact HOB - Humans Over Borders<\/title>\n<meta name=\"robots\" content=\"index, follow, max-snippet:-1, max-image-preview:large, max-video-preview:-1\" \/>\n<link rel=\"canonical\" href=\"https:\/\/humansoverborders.com\/index.php\/prise-de-contact-hob\/\" \/>\n<meta property=\"og:locale\" content=\"fr_FR\" \/>\n<meta property=\"og:type\" content=\"article\" \/>\n<meta property=\"og:title\" content=\"Prise de contact HOB - Humans Over Borders\" \/>\n<meta property=\"og:url\" content=\"https:\/\/humansoverborders.com\/index.php\/prise-de-contact-hob\/\" \/>\n<meta property=\"og:site_name\" content=\"Humans Over Borders\" \/>\n<meta property=\"article:publisher\" content=\"https:\/\/www.facebook.com\/humansoverborders\" \/>\n<meta property=\"article:modified_time\" content=\"2025-05-15T18:05:00+00:00\" \/>\n<meta name=\"twitter:card\" content=\"summary_large_image\" \/>\n<script type=\"application\/ld+json\" class=\"yoast-schema-graph\">{\"@context\":\"https:\/\/schema.org\",\"@graph\":[{\"@type\":\"WebPage\",\"@id\":\"https:\/\/humansoverborders.com\/index.php\/prise-de-contact-hob\/\",\"url\":\"https:\/\/humansoverborders.com\/index.php\/prise-de-contact-hob\/\",\"name\":\"Prise de contact HOB - Humans Over Borders\",\"isPartOf\":{\"@id\":\"https:\/\/humansoverborders.com\/#website\"},\"datePublished\":\"2025-05-05T20:10:48+00:00\",\"dateModified\":\"2025-05-15T18:05:00+00:00\",\"breadcrumb\":{\"@id\":\"https:\/\/humansoverborders.com\/index.php\/prise-de-contact-hob\/#breadcrumb\"},\"inLanguage\":\"fr-FR\",\"potentialAction\":[{\"@type\":\"ReadAction\",\"target\":[\"https:\/\/humansoverborders.com\/index.php\/prise-de-contact-hob\/\"]}]},{\"@type\":\"BreadcrumbList\",\"@id\":\"https:\/\/humansoverborders.com\/index.php\/prise-de-contact-hob\/#breadcrumb\",\"itemListElement\":[{\"@type\":\"ListItem\",\"position\":1,\"name\":\"Accueil\",\"item\":\"https:\/\/humansoverborders.com\/\"},{\"@type\":\"ListItem\",\"position\":2,\"name\":\"Prise de contact HOB\"}]},{\"@type\":\"WebSite\",\"@id\":\"https:\/\/humansoverborders.com\/#website\",\"url\":\"https:\/\/humansoverborders.com\/\",\"name\":\"Humans Over Borders\",\"description\":\"HOB | Every story counts.\",\"publisher\":{\"@id\":\"https:\/\/humansoverborders.com\/#organization\"},\"potentialAction\":[{\"@type\":\"SearchAction\",\"target\":{\"@type\":\"EntryPoint\",\"urlTemplate\":\"https:\/\/humansoverborders.com\/?s={search_term_string}\"},\"query-input\":{\"@type\":\"PropertyValueSpecification\",\"valueRequired\":true,\"valueName\":\"search_term_string\"}}],\"inLanguage\":\"fr-FR\"},{\"@type\":\"Organization\",\"@id\":\"https:\/\/humansoverborders.com\/#organization\",\"name\":\"Humans Over Borders\",\"url\":\"https:\/\/humansoverborders.com\/\",\"logo\":{\"@type\":\"ImageObject\",\"inLanguage\":\"fr-FR\",\"@id\":\"https:\/\/humansoverborders.com\/#\/schema\/logo\/image\/\",\"url\":\"https:\/\/humansoverborders.com\/wp-content\/uploads\/2025\/04\/Frame-25.png\",\"contentUrl\":\"https:\/\/humansoverborders.com\/wp-content\/uploads\/2025\/04\/Frame-25.png\",\"width\":900,\"height\":600,\"caption\":\"Humans Over Borders\"},\"image\":{\"@id\":\"https:\/\/humansoverborders.com\/#\/schema\/logo\/image\/\"},\"sameAs\":[\"https:\/\/www.facebook.com\/humansoverborders\",\"https:\/\/www.instagram.com\/humansoverborders\/?hl=fr\"]}]}<\/script>\n<!-- \/ Yoast SEO plugin. -->","yoast_head_json":{"title":"Prise de contact HOB - Humans Over Borders","robots":{"index":"index","follow":"follow","max-snippet":"max-snippet:-1","max-image-preview":"max-image-preview:large","max-video-preview":"max-video-preview:-1"},"canonical":"https:\/\/humansoverborders.com\/index.php\/prise-de-contact-hob\/","og_locale":"fr_FR","og_type":"article","og_title":"Prise de contact HOB - Humans Over Borders","og_url":"https:\/\/humansoverborders.com\/index.php\/prise-de-contact-hob\/","og_site_name":"Humans Over Borders","article_publisher":"https:\/\/www.facebook.com\/humansoverborders","article_modified_time":"2025-05-15T18:05:00+00:00","twitter_card":"summary_large_image","schema":{"@context":"https:\/\/schema.org","@graph":[{"@type":"WebPage","@id":"https:\/\/humansoverborders.com\/index.php\/prise-de-contact-hob\/","url":"https:\/\/humansoverborders.com\/index.php\/prise-de-contact-hob\/","name":"Prise de contact HOB - Humans Over Borders","isPartOf":{"@id":"https:\/\/humansoverborders.com\/#website"},"datePublished":"2025-05-05T20:10:48+00:00","dateModified":"2025-05-15T18:05:00+00:00","breadcrumb":{"@id":"https:\/\/humansoverborders.com\/index.php\/prise-de-contact-hob\/#breadcrumb"},"inLanguage":"fr-FR","potentialAction":[{"@type":"ReadAction","target":["https:\/\/humansoverborders.com\/index.php\/prise-de-contact-hob\/"]}]},{"@type":"BreadcrumbList","@id":"https:\/\/humansoverborders.com\/index.php\/prise-de-contact-hob\/#breadcrumb","itemListElement":[{"@type":"ListItem","position":1,"name":"Accueil","item":"https:\/\/humansoverborders.com\/"},{"@type":"ListItem","position":2,"name":"Prise de contact HOB"}]},{"@type":"WebSite","@id":"https:\/\/humansoverborders.com\/#website","url":"https:\/\/humansoverborders.com\/","name":"Humans Over Borders","description":"HOB | Every story counts.","publisher":{"@id":"https:\/\/humansoverborders.com\/#organization"},"potentialAction":[{"@type":"SearchAction","target":{"@type":"EntryPoint","urlTemplate":"https:\/\/humansoverborders.com\/?s={search_term_string}"},"query-input":{"@type":"PropertyValueSpecification","valueRequired":true,"valueName":"search_term_string"}}],"inLanguage":"fr-FR"},{"@type":"Organization","@id":"https:\/\/humansoverborders.com\/#organization","name":"Humans Over Borders","url":"https:\/\/humansoverborders.com\/","logo":{"@type":"ImageObject","inLanguage":"fr-FR","@id":"https:\/\/humansoverborders.com\/#\/schema\/logo\/image\/","url":"https:\/\/humansoverborders.com\/wp-content\/uploads\/2025\/04\/Frame-25.png","contentUrl":"https:\/\/humansoverborders.com\/wp-content\/uploads\/2025\/04\/Frame-25.png","width":900,"height":600,"caption":"Humans Over Borders"},"image":{"@id":"https:\/\/humansoverborders.com\/#\/schema\/logo\/image\/"},"sameAs":["https:\/\/www.facebook.com\/humansoverborders","https:\/\/www.instagram.com\/humansoverborders\/?hl=fr"]}]}},"_links":{"self":[{"href":"https:\/\/humansoverborders.com\/index.php\/wp-json\/wp\/v2\/pages\/868","targetHints":{"allow":["GET"]}}],"collection":[{"href":"https:\/\/humansoverborders.com\/index.php\/wp-json\/wp\/v2\/pages"}],"about":[{"href":"https:\/\/humansoverborders.com\/index.php\/wp-json\/wp\/v2\/types\/page"}],"author":[{"embeddable":true,"href":"https:\/\/humansoverborders.com\/index.php\/wp-json\/wp\/v2\/users\/1"}],"replies":[{"embeddable":true,"href":"https:\/\/humansoverborders.com\/index.php\/wp-json\/wp\/v2\/comments?post=868"}],"version-history":[{"count":1,"href":"https:\/\/humansoverborders.com\/index.php\/wp-json\/wp\/v2\/pages\/868\/revisions"}],"predecessor-version":[{"id":869,"href":"https:\/\/humansoverborders.com\/index.php\/wp-json\/wp\/v2\/pages\/868\/revisions\/869"}],"wp:attachment":[{"href":"https:\/\/humansoverborders.com\/index.php\/wp-json\/wp\/v2\/media?parent=868"}],"curies":[{"name":"wp","href":"https:\/\/api.w.org\/{rel}","templated":true}]}}